{"id":866,"date":"2021-02-02T21:02:44","date_gmt":"2021-02-02T20:02:44","guid":{"rendered":"https:\/\/www.gruene-reinheim.de\/?page_id=866"},"modified":"2021-02-11T16:29:51","modified_gmt":"2021-02-11T15:29:51","slug":"kandidatinnen-ortsbeirat-georgehausen-zeilhard","status":"publish","type":"page","link":"https:\/\/www.gruene-reinheim.de\/?page_id=866","title":{"rendered":"Kandidat*innen Ortsbeirat Georgenhausen-Zeilhard"},"content":{"rendered":"\n<div class=\"wp-block-columns is-layout-flex wp-container-core-columns-is-layout-9d6595d7 wp-block-columns-is-layout-flex\">\n<div class=\"wp-block-column is-layout-flow wp-block-column-is-layout-flow\">\n<div class=\"wp-block-media-text alignwide is-stacked-on-mobile has-background\" style=\"background-color:#46962b\"><figure class=\"wp-block-media-text__media\"><img loading=\"lazy\" decoding=\"async\" width=\"400\" height=\"332\" src=\"https:\/\/www.gruene-reinheim.de\/wp-content\/uploads\/2021\/02\/10harald.jpg\" alt=\"\" class=\"wp-image-812 size-full\" srcset=\"https:\/\/www.gruene-reinheim.de\/wp-content\/uploads\/2021\/02\/10harald.jpg 400w, https:\/\/www.gruene-reinheim.de\/wp-content\/uploads\/2021\/02\/10harald-150x125.jpg 150w\" sizes=\"auto, (max-width: 400px) 100vw, 400px\" \/><\/figure><div class=\"wp-block-media-text__content\">\n<p class=\"has-normal-font-size\">Harald Buchberger<br>67 Jahre<br>Diplom-Ingenieur<\/p>\n\n\n\n<p class=\"has-small-font-size\">Verkehr &#8211; Klimaschutz<\/p>\n<\/div><\/div>\n<\/div>\n\n\n\n<div class=\"wp-block-column is-layout-flow wp-block-column-is-layout-flow\">\n<div class=\"wp-block-media-text alignwide is-stacked-on-mobile has-background\" style=\"background-color:#46962b\"><figure class=\"wp-block-media-text__media\"><img loading=\"lazy\" decoding=\"async\" width=\"400\" height=\"332\" src=\"https:\/\/www.gruene-reinheim.de\/wp-content\/uploads\/2021\/02\/5juergen.jpg\" alt=\"\" class=\"wp-image-807 size-full\" srcset=\"https:\/\/www.gruene-reinheim.de\/wp-content\/uploads\/2021\/02\/5juergen.jpg 400w, https:\/\/www.gruene-reinheim.de\/wp-content\/uploads\/2021\/02\/5juergen-150x125.jpg 150w\" sizes=\"auto, (max-width: 400px) 100vw, 400px\" \/><\/figure><div class=\"wp-block-media-text__content\">\n<p class=\"has-small-font-size\">J\u00fcrgen Wojts-Saary<br>63 Jahre<br>Diplom-Ingenieur<\/p>\n\n\n\n<p style=\"font-size:12px\">Klimafreundliche Verkehrswende \u2013 Neues wagen, Bew\u00e4hrtes verbessern<\/p>\n<\/div><\/div>\n<\/div>\n<\/div>\n\n\n\n<div class=\"wp-block-columns is-layout-flex wp-container-core-columns-is-layout-9d6595d7 wp-block-columns-is-layout-flex\">\n<div class=\"wp-block-column is-layout-flow wp-block-column-is-layout-flow\">\n<div class=\"wp-block-media-text alignwide has-media-on-the-right is-stacked-on-mobile has-background\" style=\"background-color:#46962b\"><figure class=\"wp-block-media-text__media\"><img loading=\"lazy\" decoding=\"async\" width=\"400\" height=\"332\" src=\"https:\/\/www.gruene-reinheim.de\/wp-content\/uploads\/2021\/02\/1dagmar.jpg\" alt=\"\" class=\"wp-image-803 size-full\" srcset=\"https:\/\/www.gruene-reinheim.de\/wp-content\/uploads\/2021\/02\/1dagmar.jpg 400w, https:\/\/www.gruene-reinheim.de\/wp-content\/uploads\/2021\/02\/1dagmar-150x125.jpg 150w\" sizes=\"auto, (max-width: 400px) 100vw, 400px\" \/><\/figure><div class=\"wp-block-media-text__content\">\n<p class=\"has-normal-font-size\">Dagmar Strobel<br>67 Jahre<br>Gesch\u00e4ftsf\u00fchrerin<\/p>\n\n\n\n<p class=\"has-small-font-size\">Stadtentwicklung &#8211; Klimaschutz &#8211; Verkehr<\/p>\n<\/div><\/div>\n<\/div>\n\n\n\n<div class=\"wp-block-column is-layout-flow wp-block-column-is-layout-flow\"><\/div>\n<\/div>\n","protected":false},"excerpt":{"rendered":"<p>Harald Buchberger67 JahreDiplom-Ingenieur Verkehr &#8211; Klimaschutz J\u00fcrgen Wojts-Saary63 JahreDiplom-Ingenieur Klimafreundliche Verkehrswende \u2013 Neues wagen, Bew\u00e4hrtes verbessern Dagmar Strobel67 JahreGesch\u00e4ftsf\u00fchrerin Stadtentwicklung &#8211; Klimaschutz &#8211; Verkehr<\/p>\n","protected":false},"author":5,"featured_media":0,"parent":765,"menu_order":3,"comment_status":"closed","ping_status":"closed","template":"","meta":{"footnotes":""},"class_list":["post-866","page","type-page","status-publish","hentry"],"_links":{"self":[{"href":"https:\/\/www.gruene-reinheim.de\/index.php?rest_route=\/wp\/v2\/pages\/866","targetHints":{"allow":["GET"]}}],"collection":[{"href":"https:\/\/www.gruene-reinheim.de\/index.php?rest_route=\/wp\/v2\/pages"}],"about":[{"href":"https:\/\/www.gruene-reinheim.de\/index.php?rest_route=\/wp\/v2\/types\/page"}],"author":[{"embeddable":true,"href":"https:\/\/www.gruene-reinheim.de\/index.php?rest_route=\/wp\/v2\/users\/5"}],"replies":[{"embeddable":true,"href":"https:\/\/www.gruene-reinheim.de\/index.php?rest_route=%2Fwp%2Fv2%2Fcomments&post=866"}],"version-history":[{"count":6,"href":"https:\/\/www.gruene-reinheim.de\/index.php?rest_route=\/wp\/v2\/pages\/866\/revisions"}],"predecessor-version":[{"id":1022,"href":"https:\/\/www.gruene-reinheim.de\/index.php?rest_route=\/wp\/v2\/pages\/866\/revisions\/1022"}],"up":[{"embeddable":true,"href":"https:\/\/www.gruene-reinheim.de\/index.php?rest_route=\/wp\/v2\/pages\/765"}],"wp:attachment":[{"href":"https:\/\/www.gruene-reinheim.de\/index.php?rest_route=%2Fwp%2Fv2%2Fmedia&parent=866"}],"curies":[{"name":"wp","href":"https:\/\/api.w.org\/{rel}","templated":true}]}}