{"id":852,"date":"2021-02-02T20:30:18","date_gmt":"2021-02-02T19:30:18","guid":{"rendered":"https:\/\/www.gruene-reinheim.de\/?page_id=852"},"modified":"2021-02-11T16:38:02","modified_gmt":"2021-02-11T15:38:02","slug":"kandidatinnen-ortsbeirat-reinheim","status":"publish","type":"page","link":"https:\/\/www.gruene-reinheim.de\/?page_id=852","title":{"rendered":"Kandidat*innen Ortsbeirat Reinheim"},"content":{"rendered":"\n<div class=\"wp-block-columns is-layout-flex wp-container-core-columns-is-layout-9d6595d7 wp-block-columns-is-layout-flex\">\n<div class=\"wp-block-column is-layout-flow wp-block-column-is-layout-flow\">\n<div class=\"wp-block-media-text alignwide is-stacked-on-mobile has-background\" style=\"background-color:#46962b\"><figure class=\"wp-block-media-text__media\"><img loading=\"lazy\" decoding=\"async\" width=\"400\" height=\"332\" src=\"https:\/\/www.gruene-reinheim.de\/wp-content\/uploads\/2021\/02\/6felix.jpg\" alt=\"\" class=\"wp-image-808 size-full\" srcset=\"https:\/\/www.gruene-reinheim.de\/wp-content\/uploads\/2021\/02\/6felix.jpg 400w, https:\/\/www.gruene-reinheim.de\/wp-content\/uploads\/2021\/02\/6felix-150x125.jpg 150w\" sizes=\"auto, (max-width: 400px) 100vw, 400px\" \/><\/figure><div class=\"wp-block-media-text__content\">\n<p class=\"has-small-font-size\">Prof. Dr. Felix Hausch<br>49 Jahre<br>Diplom-Chemiker<\/p>\n\n\n\n<p class=\"has-small-font-size\">Stadtentwicklung \u2013 B\u00fcrgerbeteiligung \u2013 nachhaltige Wirtschaft<\/p>\n<\/div><\/div>\n<\/div>\n\n\n\n<div class=\"wp-block-column is-layout-flow wp-block-column-is-layout-flow\">\n<div class=\"wp-block-media-text alignwide is-stacked-on-mobile has-background\" style=\"background-color:#46962b\"><figure class=\"wp-block-media-text__media\"><img loading=\"lazy\" decoding=\"async\" width=\"400\" height=\"332\" src=\"https:\/\/www.gruene-reinheim.de\/wp-content\/uploads\/2021\/02\/3winfried-1.jpg\" alt=\"\" class=\"wp-image-805 size-full\" srcset=\"https:\/\/www.gruene-reinheim.de\/wp-content\/uploads\/2021\/02\/3winfried-1.jpg 400w, https:\/\/www.gruene-reinheim.de\/wp-content\/uploads\/2021\/02\/3winfried-1-150x125.jpg 150w\" sizes=\"auto, (max-width: 400px) 100vw, 400px\" \/><\/figure><div class=\"wp-block-media-text__content\">\n<p class=\"has-small-font-size\">Winfried Rieger<br>61 Jahre<br>Technischer Angestellter<\/p>\n\n\n\n<p class=\"has-small-font-size\">Energiewende \u2013 Digitalisierung vorantreiben \u2013 Kultur<\/p>\n<\/div><\/div>\n<\/div>\n<\/div>\n\n\n\n<div class=\"wp-block-columns is-layout-flex wp-container-core-columns-is-layout-9d6595d7 wp-block-columns-is-layout-flex\">\n<div class=\"wp-block-column is-layout-flow wp-block-column-is-layout-flow\">\n<div class=\"wp-block-media-text alignwide has-media-on-the-right is-stacked-on-mobile has-background\" style=\"background-color:#46962b\"><figure class=\"wp-block-media-text__media\"><img loading=\"lazy\" decoding=\"async\" width=\"400\" height=\"332\" src=\"https:\/\/www.gruene-reinheim.de\/wp-content\/uploads\/2021\/02\/11marieluise.jpg\" alt=\"\" class=\"wp-image-813 size-full\" srcset=\"https:\/\/www.gruene-reinheim.de\/wp-content\/uploads\/2021\/02\/11marieluise.jpg 400w, https:\/\/www.gruene-reinheim.de\/wp-content\/uploads\/2021\/02\/11marieluise-150x125.jpg 150w\" sizes=\"auto, (max-width: 400px) 100vw, 400px\" \/><\/figure><div class=\"wp-block-media-text__content\">\n<p class=\"has-small-font-size\">Marieluise Hausch<br>47 Jahre<br>Hotelbetriebswirtin<\/p>\n\n\n\n<p class=\"has-small-font-size\">Naturschutz \u2013 Verkehr \u2013 Stadtentwicklung<br><\/p>\n<\/div><\/div>\n<\/div>\n\n\n\n<div class=\"wp-block-column is-layout-flow wp-block-column-is-layout-flow\">\n<div class=\"wp-block-media-text alignwide has-media-on-the-right is-stacked-on-mobile has-background\" style=\"background-color:#46962b\"><figure class=\"wp-block-media-text__media\"><img loading=\"lazy\" decoding=\"async\" width=\"400\" height=\"332\" src=\"https:\/\/www.gruene-reinheim.de\/wp-content\/uploads\/2021\/02\/15baerbel.jpg\" alt=\"\" class=\"wp-image-817 size-full\" srcset=\"https:\/\/www.gruene-reinheim.de\/wp-content\/uploads\/2021\/02\/15baerbel.jpg 400w, https:\/\/www.gruene-reinheim.de\/wp-content\/uploads\/2021\/02\/15baerbel-150x125.jpg 150w\" sizes=\"auto, (max-width: 400px) 100vw, 400px\" \/><\/figure><div class=\"wp-block-media-text__content\">\n<p class=\"has-small-font-size\">Barbara Kirchhof<br>65 Jahre<br>Heilp\u00e4dagogin<\/p>\n\n\n\n<p style=\"font-size:11px\">Zusammenleben mit Gefl\u00fcchteten &#8211; St\u00e4rkung von Rad-und Fu\u00dfverkehr &#8211; inner\u00f6rtliche Aufenthaltsqualit\u00e4t<\/p>\n<\/div><\/div>\n<\/div>\n<\/div>\n\n\n\n<div class=\"wp-block-columns is-layout-flex wp-container-core-columns-is-layout-9d6595d7 wp-block-columns-is-layout-flex\">\n<div class=\"wp-block-column is-layout-flow wp-block-column-is-layout-flow\">\n<div class=\"wp-block-media-text alignwide is-stacked-on-mobile has-background\" style=\"background-color:#46962b\"><figure class=\"wp-block-media-text__media\"><img loading=\"lazy\" decoding=\"async\" width=\"400\" height=\"332\" src=\"https:\/\/www.gruene-reinheim.de\/wp-content\/uploads\/2021\/02\/18christa.jpg\" alt=\"\" class=\"wp-image-820 size-full\" srcset=\"https:\/\/www.gruene-reinheim.de\/wp-content\/uploads\/2021\/02\/18christa.jpg 400w, https:\/\/www.gruene-reinheim.de\/wp-content\/uploads\/2021\/02\/18christa-150x125.jpg 150w\" sizes=\"auto, (max-width: 400px) 100vw, 400px\" \/><\/figure><div class=\"wp-block-media-text__content\">\n<p class=\"has-small-font-size\">Christa Lettau<br>72 Jahre<br>Verwaltungsjuristin i.R.<\/p>\n<\/div><\/div>\n<\/div>\n\n\n\n<div class=\"wp-block-column is-layout-flow wp-block-column-is-layout-flow\">\n<div class=\"wp-block-media-text alignwide is-stacked-on-mobile has-background\" style=\"background-color:#46962b\"><figure class=\"wp-block-media-text__media\"><img loading=\"lazy\" decoding=\"async\" width=\"400\" height=\"332\" src=\"https:\/\/www.gruene-reinheim.de\/wp-content\/uploads\/2021\/02\/12heinz.jpg\" alt=\"\" class=\"wp-image-814 size-full\" srcset=\"https:\/\/www.gruene-reinheim.de\/wp-content\/uploads\/2021\/02\/12heinz.jpg 400w, https:\/\/www.gruene-reinheim.de\/wp-content\/uploads\/2021\/02\/12heinz-150x125.jpg 150w\" sizes=\"auto, (max-width: 400px) 100vw, 400px\" \/><\/figure><div class=\"wp-block-media-text__content\">\n<p class=\"has-small-font-size\">Heinz Kichhof<br>66 Jahre<br>Ingenieur<\/p>\n\n\n\n<p class=\"has-small-font-size\">Soziale Gerechtigkeit<\/p>\n<\/div><\/div>\n<\/div>\n<\/div>\n\n\n\n<div class=\"wp-block-columns is-layout-flex wp-container-core-columns-is-layout-9d6595d7 wp-block-columns-is-layout-flex\">\n<div class=\"wp-block-column is-layout-flow wp-block-column-is-layout-flow\">\n<div class=\"wp-block-columns is-layout-flex wp-container-core-columns-is-layout-9d6595d7 wp-block-columns-is-layout-flex\">\n<div class=\"wp-block-column is-layout-flow wp-block-column-is-layout-flow\">\n<div class=\"wp-block-media-text alignwide has-media-on-the-right is-stacked-on-mobile has-background\" style=\"background-color:#46962b\"><figure class=\"wp-block-media-text__media\"><img loading=\"lazy\" decoding=\"async\" width=\"400\" height=\"332\" src=\"https:\/\/www.gruene-reinheim.de\/wp-content\/uploads\/2021\/02\/21thomas.jpg\" alt=\"\" class=\"wp-image-823 size-full\" srcset=\"https:\/\/www.gruene-reinheim.de\/wp-content\/uploads\/2021\/02\/21thomas.jpg 400w, https:\/\/www.gruene-reinheim.de\/wp-content\/uploads\/2021\/02\/21thomas-150x125.jpg 150w\" sizes=\"auto, (max-width: 400px) 100vw, 400px\" \/><\/figure><div class=\"wp-block-media-text__content\">\n<p class=\"has-small-font-size\">Thomas Lettau<br>70 Jahre<br>Rechtsanwalt a.D.<\/p>\n\n\n\n<p class=\"has-small-font-size\">F\u00fcr einen Farbwechsel in der Stadt \u2013 Attraktivit\u00e4t der Stadt erh\u00f6hen<\/p>\n<\/div><\/div>\n<\/div>\n\n\n\n<div class=\"wp-block-column is-layout-flow wp-block-column-is-layout-flow\"><\/div>\n<\/div>\n<\/div>\n<\/div>\n\n\n\n<p><\/p>\n","protected":false},"excerpt":{"rendered":"<p>Prof. Dr. Felix Hausch49 JahreDiplom-Chemiker Stadtentwicklung \u2013 B\u00fcrgerbeteiligung \u2013 nachhaltige Wirtschaft Winfried Rieger61 JahreTechnischer Angestellter Energiewende \u2013 Digitalisierung vorantreiben \u2013 Kultur Marieluise Hausch47 JahreHotelbetriebswirtin Naturschutz \u2013 Verkehr \u2013 Stadtentwicklung Barbara [&hellip;]<\/p>\n","protected":false},"author":5,"featured_media":0,"parent":765,"menu_order":1,"comment_status":"closed","ping_status":"closed","template":"","meta":{"footnotes":""},"class_list":["post-852","page","type-page","status-publish","hentry"],"_links":{"self":[{"href":"https:\/\/www.gruene-reinheim.de\/index.php?rest_route=\/wp\/v2\/pages\/852","targetHints":{"allow":["GET"]}}],"collection":[{"href":"https:\/\/www.gruene-reinheim.de\/index.php?rest_route=\/wp\/v2\/pages"}],"about":[{"href":"https:\/\/www.gruene-reinheim.de\/index.php?rest_route=\/wp\/v2\/types\/page"}],"author":[{"embeddable":true,"href":"https:\/\/www.gruene-reinheim.de\/index.php?rest_route=\/wp\/v2\/users\/5"}],"replies":[{"embeddable":true,"href":"https:\/\/www.gruene-reinheim.de\/index.php?rest_route=%2Fwp%2Fv2%2Fcomments&post=852"}],"version-history":[{"count":15,"href":"https:\/\/www.gruene-reinheim.de\/index.php?rest_route=\/wp\/v2\/pages\/852\/revisions"}],"predecessor-version":[{"id":1029,"href":"https:\/\/www.gruene-reinheim.de\/index.php?rest_route=\/wp\/v2\/pages\/852\/revisions\/1029"}],"up":[{"embeddable":true,"href":"https:\/\/www.gruene-reinheim.de\/index.php?rest_route=\/wp\/v2\/pages\/765"}],"wp:attachment":[{"href":"https:\/\/www.gruene-reinheim.de\/index.php?rest_route=%2Fwp%2Fv2%2Fmedia&parent=852"}],"curies":[{"name":"wp","href":"https:\/\/api.w.org\/{rel}","templated":true}]}}