{"id":699,"date":"2021-02-02T10:59:58","date_gmt":"2021-02-02T09:59:58","guid":{"rendered":"https:\/\/www.gruene-reinheim.de\/?page_id=699"},"modified":"2021-02-21T23:01:14","modified_gmt":"2021-02-21T22:01:14","slug":"kandidatinnen-online","status":"publish","type":"page","link":"https:\/\/www.gruene-reinheim.de\/?page_id=699","title":{"rendered":"Kandidat*innen online"},"content":{"rendered":"\n<p id=\"oben\">Wegen der in diesen Zeiten eingeschr\u00e4nkten M\u00f6glichkeiten geben wir auf diesem Wege W\u00e4hlerinnen und W\u00e4hler die M\u00f6glichkeit, mit unseren Kandidat*innen in einen politischen Austausch zu treten.<br>F\u00fcr jeden Sonntag bis zur Wahl am 14.03.2021 werden wir zu bestimmten Bereichen aus unserem Wahlprogramm eine Online-Diskussion anbieten.<\/p>\n\n\n\n<p>Wir verwenden f\u00fcr unsere Veranstaltungen das Medium Zoom.<br>Die Einwahldaten sind jeweils angegeben. Weitere Hinweise<a href=\"#zoom\"> <strong>hier<\/strong><\/a><\/p>\n\n\n\n<p>Folgende Termine und Themen bieten wir an: <\/p>\n\n\n\n<p><strong>Sonntag 07. Februar 2021  17.00 &#8211; 18.00 Uhr<br>Wirtschaft, Handwerk, Landwirtschaft<\/strong><br>Anwesende Kandidat*innen:<br>Schimon Porcher, J\u00fcrgen Helebrant, Marieluise Hausch<br><br>Dem Zoom-Meeting beitreten:<br><br>Meeting-ID: 863 8728 0629<br>Kenncode: 018728<\/p>\n\n\n\n<p><strong>Sonntag 14. Februar 2021  17.00 &#8211; 18.00 Uhr<br>Stadtentwicklung, Bauen, Wohnen, Mobilit\u00e4t &amp; Verkehr<\/strong><br>Anwesende Kandidat*innen:<br>Dagmar Strobel, Magnus Neurath, Reinhold Tr\u00fcller, J\u00fcrgen Wojts-Saary, G\u00fcnter Six<\/p>\n\n\n\n<p>Dem Zoom-Meeting beitreten:<br>Meeting-ID: 836 0194 2738<br>Kenncode: 285105<\/p>\n\n\n\n<p><strong>Sonntag 21. Februar 2021  17.00 &#8211; 18.00 Uhr<br>Klima, Umwelt, Natur<\/strong><br>Anwesende Kandidat*innen:<br>Hans Menningmann, Heinz Kirchhof<\/p>\n\n\n\n<p>Dem Zoom-Meeting beitreten:<br><a rel=\"noreferrer noopener\" href=\"https:\/\/us02web.zoom.us\/j\/84775638166?pwd=ZWpjSld3YUx0a3VleU9rN2g5N1ozQT09\" target=\"_blank\">https:\/\/us02web.zoom.us\/j\/84775638166?pwd=ZWpjSld3YUx0a3VleU9rN2g5N1ozQT09<\/a><br>Meeting-ID: 847 7563 8166<br>Kenncode: gruene<\/p>\n\n\n\n<p><strong>Sonntag 28. Februar 2021  17.00 &#8211; 18.00 Uhr<br>Kultur, Sport, Bildung, Soziales<\/strong><br>Anwesende Kandidat*innen:<br>Winfried Rieger, Schimon Porcher, Hans Menningmann, Eberhard Schreiber<\/p>\n\n\n\n<p>Dem Zoom-Meeting beitreten:<br><a rel=\"noreferrer noopener\" href=\"https:\/\/us02web.zoom.us\/j\/81812742465?pwd=dGxQZ1p5M1dUNGp5R1FpVVdiUDk5QT09\" target=\"_blank\">https:\/\/us02web.zoom.us\/j\/81812742465?pwd=dGxQZ1p5M1dUNGp5R1FpVVdiUDk5QT09<\/a><br>Meeting-ID: 818 1274 2465<br>Kenncode: 463995<\/p>\n\n\n\n<p><strong>Sonntag 07. M\u00e4rz 2021  17.00 &#8211; 18.00 Uhr<br>Politische Beteiligung, Demokratie, Gleichstellung<\/strong><br>Anwesende Kandidat*innen:<br>Atakan K\u00f6yl\u00fcoglu, Sharleen Ebling, Eberhard Schreiber<\/p>\n\n\n\n<p>Dem Zoom-Meeting beitreten:<br><a rel=\"noreferrer noopener\" href=\"https:\/\/us02web.zoom.us\/j\/82922480519?pwd=SUk1eVhFbHNvMENMS2JWcDN5d1ZwZz09\" target=\"_blank\">https:\/\/us02web.zoom.us\/j\/82922480519?pwd=SUk1eVhFbHNvMENMS2JWcDN5d1ZwZz09<\/a><br>Meeting-ID: 829 2248 0519<br>Kenncode: 982459<\/p>\n\n\n\n<p id=\"zoom\"><strong>Wie kann man\/frau daran teilnehmen?<\/strong><\/p>\n\n\n\n<ol class=\"wp-block-list\"><li>Die einfachste Art ist \u00fcber die Zoom-App.<br>(Sehr zu empfehlen bei Android Ger\u00e4ten)<\/li><li>Diese auf dem Rechner istallieren<\/li><li>Auf der Startseite  auf &#8222;beitreten&#8220; klicken<\/li><li>Meeting-ID eingeben<\/li><li>Namen eingeben<\/li><li>Kenncode eingeben<\/li><li>Kamera, Mikro und Lautsprecher einschalten<\/li><\/ol>\n\n\n\n<p><strong>Die Alternative ist den Browser zu benutzen:<\/strong><\/p>\n\n\n\n<ol class=\"wp-block-list\"><li>Die Webseite <a rel=\"noreferrer noopener\" href=\"https:\/\/us02web.zoom.us\/join\" target=\"_blank\">https:\/\/us02web.zoom.us\/join<\/a> aufrufen<\/li><li>Auf &#8222;Einem Meeting beitreten&#8220; klicken<\/li><li>Meeting ID eingeben<\/li><li>Ganz unten auf &#8222;Mit Browser anmelden&#8220; klicken<\/li><li>Namen eingeben<\/li><li>Die Bilder &#8222;Ich bin kein Roboter&#8220; bearbeiten<\/li><li>Nutzungsbedingungen zustimmen<\/li><li>Kenncode eingeben<\/li><li>Kamera, Mikro und Lautsprecher einschalten<\/li><\/ol>\n\n\n\n<p>Wir sind jeweils um 16.45 Uhr eingeloggt.<br>Sollte es zu Problemen kommen, versuchen wir unter der Nummer 06162 914462 zu helfen.<\/p>\n\n\n\n<p><a href=\"#oben\">Wieder zur\u00fcck<\/a><\/p>\n\n\n\n<p><\/p>\n","protected":false},"excerpt":{"rendered":"<p>Wegen der in diesen Zeiten eingeschr\u00e4nkten M\u00f6glichkeiten geben wir auf diesem Wege W\u00e4hlerinnen und W\u00e4hler die M\u00f6glichkeit, mit unseren Kandidat*innen in einen politischen Austausch zu treten.F\u00fcr jeden Sonntag bis zur [&hellip;]<\/p>\n","protected":false},"author":5,"featured_media":0,"parent":216,"menu_order":3,"comment_status":"closed","ping_status":"closed","template":"","meta":{"footnotes":""},"class_list":["post-699","page","type-page","status-publish","hentry"],"_links":{"self":[{"href":"https:\/\/www.gruene-reinheim.de\/index.php?rest_route=\/wp\/v2\/pages\/699","targetHints":{"allow":["GET"]}}],"collection":[{"href":"https:\/\/www.gruene-reinheim.de\/index.php?rest_route=\/wp\/v2\/pages"}],"about":[{"href":"https:\/\/www.gruene-reinheim.de\/index.php?rest_route=\/wp\/v2\/types\/page"}],"author":[{"embeddable":true,"href":"https:\/\/www.gruene-reinheim.de\/index.php?rest_route=\/wp\/v2\/users\/5"}],"replies":[{"embeddable":true,"href":"https:\/\/www.gruene-reinheim.de\/index.php?rest_route=%2Fwp%2Fv2%2Fcomments&post=699"}],"version-history":[{"count":18,"href":"https:\/\/www.gruene-reinheim.de\/index.php?rest_route=\/wp\/v2\/pages\/699\/revisions"}],"predecessor-version":[{"id":1078,"href":"https:\/\/www.gruene-reinheim.de\/index.php?rest_route=\/wp\/v2\/pages\/699\/revisions\/1078"}],"up":[{"embeddable":true,"href":"https:\/\/www.gruene-reinheim.de\/index.php?rest_route=\/wp\/v2\/pages\/216"}],"wp:attachment":[{"href":"https:\/\/www.gruene-reinheim.de\/index.php?rest_route=%2Fwp%2Fv2%2Fmedia&parent=699"}],"curies":[{"name":"wp","href":"https:\/\/api.w.org\/{rel}","templated":true}]}}