{"id":1426,"date":"2021-08-23T11:55:39","date_gmt":"2021-08-23T09:55:39","guid":{"rendered":"https:\/\/www.gruene-reinheim.de\/?page_id=1426"},"modified":"2021-09-05T17:02:53","modified_gmt":"2021-09-05T15:02:53","slug":"anmeldung","status":"publish","type":"page","link":"https:\/\/www.gruene-reinheim.de\/?page_id=1426","title":{"rendered":"Anmeldung"},"content":{"rendered":"\n<p>Hiermit melde ich mich f\u00fcr die Veranstaltung  am 14.09.2021 im &#8222;K\u00fchlen Grund&#8220; an.<\/p>\n\n\n\n\n\n\n\n\n\n\n\n\n\n\n\n\n\n\n\n<p class=\"has-medium-font-size\"><strong>Bitte von der Best\u00e4tigung der Anmeldung ein Bildschirmfoto machen und am Eingang vorzeigen.<\/strong><\/p>\n\n\n\n<p>Hinweis zum Datenschutz:<br>Die Daten verwenden wir f\u00fcr eine eventuell erforderliche Kontaktnachverfolgungverwendet und werden nach einem Monat wieder gel\u00f6scht.<\/p>\n\n\n\n<p>Au\u00dferdem dienen sie am Veranstaltungsabend der einfacheren Einlasskontrolle.<\/p>\n","protected":false},"excerpt":{"rendered":"<p>Hiermit melde ich mich f\u00fcr die Veranstaltung am 14.09.2021 im &#8222;K\u00fchlen Grund&#8220; an. Bitte von der Best\u00e4tigung der Anmeldung ein Bildschirmfoto machen und am Eingang vorzeigen. Hinweis zum Datenschutz:Die Daten [&hellip;]<\/p>\n","protected":false},"author":5,"featured_media":0,"parent":0,"menu_order":0,"comment_status":"closed","ping_status":"closed","template":"","meta":{"footnotes":""},"class_list":["post-1426","page","type-page","status-publish","hentry"],"_links":{"self":[{"href":"https:\/\/www.gruene-reinheim.de\/index.php?rest_route=\/wp\/v2\/pages\/1426","targetHints":{"allow":["GET"]}}],"collection":[{"href":"https:\/\/www.gruene-reinheim.de\/index.php?rest_route=\/wp\/v2\/pages"}],"about":[{"href":"https:\/\/www.gruene-reinheim.de\/index.php?rest_route=\/wp\/v2\/types\/page"}],"author":[{"embeddable":true,"href":"https:\/\/www.gruene-reinheim.de\/index.php?rest_route=\/wp\/v2\/users\/5"}],"replies":[{"embeddable":true,"href":"https:\/\/www.gruene-reinheim.de\/index.php?rest_route=%2Fwp%2Fv2%2Fcomments&post=1426"}],"version-history":[{"count":15,"href":"https:\/\/www.gruene-reinheim.de\/index.php?rest_route=\/wp\/v2\/pages\/1426\/revisions"}],"predecessor-version":[{"id":1535,"href":"https:\/\/www.gruene-reinheim.de\/index.php?rest_route=\/wp\/v2\/pages\/1426\/revisions\/1535"}],"wp:attachment":[{"href":"https:\/\/www.gruene-reinheim.de\/index.php?rest_route=%2Fwp%2Fv2%2Fmedia&parent=1426"}],"curies":[{"name":"wp","href":"https:\/\/api.w.org\/{rel}","templated":true}]}}