{"id":13,"date":"2020-02-08T19:08:21","date_gmt":"2020-02-08T19:08:21","guid":{"rendered":"http:\/\/www.gruene-reinheim.de\/?page_id=13"},"modified":"2025-04-03T17:17:08","modified_gmt":"2025-04-03T15:17:08","slug":"impressum","status":"publish","type":"page","link":"https:\/\/www.gruene-reinheim.de\/?page_id=13","title":{"rendered":"Impressum"},"content":{"rendered":"\n<p>Verantwortlich:<\/p>\n\n\n\n<p>B\u00dcNDNIS 90\/DIE GR\u00dcNEN Kreisverband Darmstadt-Dieburg (V.i.S.d.P)<br>Susanne-Hoffmann-Maier<br>Carlo-Mierendorff-Str. 1<br>64823 Gro\u00df-Umstadt<br>Telefon: 0151 7253 2447<br><\/p>\n\n\n\n<p>E-Mail:   <a href=\"#\" data-unscramble=\"ed.miehnier-eneurg@ofni\">info(at)gruene-reinheim.de<\/a><\/p>\n\n\n\n<p>Bankverbindung:<br>B\u00fcndnis 90\/Die Gr\u00fcnen OV Reinheim<br>IBAN: DE15 5085 2651 0175 1105 43<br>BIC: HELADEF1DIE<br>Sparkasse Dieburg<\/p>\n\n\n\n<p><br><em>Wir \u00fcbernehmen keine Verantwortung f\u00fcr Links und Verweise auf externe Websites und deren Inhalt.<\/em><\/p>\n\n\n\n<p><\/p>\n","protected":false},"excerpt":{"rendered":"<p>Verantwortlich: B\u00dcNDNIS 90\/DIE GR\u00dcNEN Kreisverband Darmstadt-Dieburg (V.i.S.d.P)Susanne-Hoffmann-MaierCarlo-Mierendorff-Str. 164823 Gro\u00df-UmstadtTelefon: 0151 7253 2447 E-Mail: info(at)gruene-reinheim.de Bankverbindung:B\u00fcndnis 90\/Die Gr\u00fcnen OV ReinheimIBAN: DE15 5085 2651 0175 1105 43BIC: HELADEF1DIESparkasse Dieburg Wir \u00fcbernehmen keine [&hellip;]<\/p>\n","protected":false},"author":2,"featured_media":0,"parent":0,"menu_order":0,"comment_status":"closed","ping_status":"closed","template":"","meta":{"footnotes":""},"class_list":["post-13","page","type-page","status-publish","hentry"],"_links":{"self":[{"href":"https:\/\/www.gruene-reinheim.de\/index.php?rest_route=\/wp\/v2\/pages\/13","targetHints":{"allow":["GET"]}}],"collection":[{"href":"https:\/\/www.gruene-reinheim.de\/index.php?rest_route=\/wp\/v2\/pages"}],"about":[{"href":"https:\/\/www.gruene-reinheim.de\/index.php?rest_route=\/wp\/v2\/types\/page"}],"author":[{"embeddable":true,"href":"https:\/\/www.gruene-reinheim.de\/index.php?rest_route=\/wp\/v2\/users\/2"}],"replies":[{"embeddable":true,"href":"https:\/\/www.gruene-reinheim.de\/index.php?rest_route=%2Fwp%2Fv2%2Fcomments&post=13"}],"version-history":[{"count":11,"href":"https:\/\/www.gruene-reinheim.de\/index.php?rest_route=\/wp\/v2\/pages\/13\/revisions"}],"predecessor-version":[{"id":2289,"href":"https:\/\/www.gruene-reinheim.de\/index.php?rest_route=\/wp\/v2\/pages\/13\/revisions\/2289"}],"wp:attachment":[{"href":"https:\/\/www.gruene-reinheim.de\/index.php?rest_route=%2Fwp%2Fv2%2Fmedia&parent=13"}],"curies":[{"name":"wp","href":"https:\/\/api.w.org\/{rel}","templated":true}]}}